{"id":17,"date":"2019-10-23T11:25:04","date_gmt":"2019-10-23T11:25:04","guid":{"rendered":"http:\/\/praxis-cygan.de\/?page_id=17"},"modified":"2026-01-20T08:12:26","modified_gmt":"2026-01-20T08:12:26","slug":"team","status":"publish","type":"page","link":"https:\/\/praxis-dr-cygan.de\/?page_id=17","title":{"rendered":"TEAM"},"content":{"rendered":"<section class=\"l-section wpb_row height_auto width_full\"><div class=\"l-section-h i-cf\"><div class=\"g-cols vc_row via_flex valign_top type_default stacking_default\"><div class=\"vc_col-sm-12 wpb_column vc_column_container\"><div class=\"vc_column-inner\"><div class=\"wpb_wrapper\"><div class=\"w-image align_none\"><div class=\"w-image-h\"><img decoding=\"async\" width=\"1240\" height=\"500\" src=\"https:\/\/praxis-dr-cygan.de\/wp-content\/uploads\/2019\/11\/Team-Dr-Cygan-Simmern-3.png\" class=\"attachment-full size-full\" alt=\"\" loading=\"lazy\" srcset=\"https:\/\/praxis-dr-cygan.de\/wp-content\/uploads\/2019\/11\/Team-Dr-Cygan-Simmern-3.png 1240w, https:\/\/praxis-dr-cygan.de\/wp-content\/uploads\/2019\/11\/Team-Dr-Cygan-Simmern-3-300x121.png 300w, https:\/\/praxis-dr-cygan.de\/wp-content\/uploads\/2019\/11\/Team-Dr-Cygan-Simmern-3-1024x413.png 1024w, https:\/\/praxis-dr-cygan.de\/wp-content\/uploads\/2019\/11\/Team-Dr-Cygan-Simmern-3-768x310.png 768w\" sizes=\"auto, (max-width: 1240px) 100vw, 1240px\" \/><\/div><\/div><\/div><\/div><\/div><\/div><\/div><\/section><section class=\"l-section wpb_row height_medium\"><div class=\"l-section-h i-cf\"><div class=\"g-cols vc_row via_flex valign_top type_default stacking_default\"><div class=\"vc_col-sm-6 wpb_column vc_column_container\"><div class=\"vc_column-inner\"><div class=\"wpb_wrapper\"><div class=\"w-image align_none us_animate_aft\"><a ref=\"magnificPopup\" href=\"https:\/\/praxis-dr-cygan.de\/wp-content\/uploads\/2019\/11\/Mitarbeiter-Dr-Cygan-Praxis-Simmern.png\" aria-label=\"Mitarbeiter Dr Cygan Praxis Simmern\" class=\"w-image-h\"><img decoding=\"async\" width=\"200\" height=\"300\" src=\"https:\/\/praxis-dr-cygan.de\/wp-content\/uploads\/2019\/11\/Mitarbeiter-Dr-Cygan-Praxis-Simmern.png\" class=\"attachment-us_768_0 size-us_768_0\" alt=\"\" loading=\"lazy\" \/><\/a><\/div><div class=\"wpb_text_column\"><div class=\"wpb_wrapper\"><p><strong>Frau Dr. med. Birgit Cygan<br \/>\n<\/strong>\u00c4rztin f\u00fcr Allgemeinmedizin und An\u00e4sthesiologie<\/p>\n<\/div><\/div><div class=\"w-separator size_small\"><\/div><div class=\"w-tabs style_default switch_click accordion has_scrolling\" style=\"--sections-title-size:inherit\"><div class=\"w-tabs-sections titles-align_none icon_chevron cpos_right\"><div class=\"w-tabs-section\" id=\"1573812104508-aed6e57f-5099\"><button class=\"w-tabs-section-header\" aria-controls=\"content-1573812104508-aed6e57f-5099\" aria-expanded=\"false\"><div class=\"w-tabs-section-title\">\u00c4RZTLICHER WERDEGANG &#8211; FRAU DR. CYGAN<\/div><div class=\"w-tabs-section-control\"><\/div><\/button><div  class=\"w-tabs-section-content\" id=\"content-1573812104508-aed6e57f-5099\"><div class=\"w-tabs-section-content-h i-cf\"><div class=\"wpb_text_column\"><div class=\"wpb_wrapper\"><p><strong>1982 &#8211; 1988:\u00a0<\/strong><br \/>\nStudium der Humanmedizin an der Medizinischen Hochschule in Hannover<\/p>\n<p><strong>1993:<\/strong><br \/>\nZusatzbezeichnung Rettungsmedizin<\/p>\n<p><strong>1995:<\/strong><br \/>\nFacharztpr\u00fcfung An\u00e4sthesiologie<\/p>\n<p><strong>1996:<\/strong><br \/>\nPromotion zur Doktorin der Medizin an der Medizinischen Hochschule in Hannover<\/p>\n<p><strong>seit 1998:<\/strong><br \/>\nPraxist\u00e4tigkeit Allgemeinmedizin<\/p>\n<p><strong>1999:<\/strong><br \/>\nFacharztpr\u00fcfung Allgemeinmedizin<\/p>\n<p><strong>2000:<\/strong><br \/>\nA-Diplom Akupunktur<\/p>\n<p><strong>2002:<\/strong><br \/>\nQualifikation Schwerpunkt Schmerztherapie bei der Deutschen Gesellschaft f\u00fcr Schmerztherapie (DGS)<\/p>\n<p><strong>Klinische Ausbildung:<\/strong><br \/>\n1 Jahr Innere Medizin, \u00bd Jahr Orthop\u00e4die, 1 Jahr Chirurgie, 6 \u00bd Jahre An\u00e4sthesiologie<\/p>\n<p><strong>Mitgliedschaft:\u00a0<\/strong><br \/>\nMitglied in der Deutschen Gesellschaft f\u00fcr Schmerztherapie e.V.<\/p>\n<\/div><\/div><\/div><\/div><\/div><\/div><\/div><\/div><\/div><\/div><div class=\"vc_col-sm-6 wpb_column vc_column_container\"><div class=\"vc_column-inner\"><div class=\"wpb_wrapper\"><div class=\"w-separator size_small\"><\/div><\/div><\/div><\/div><\/div><\/div><\/section><section class=\"l-section wpb_row height_medium\"><div class=\"l-section-h i-cf\"><div class=\"g-cols vc_row via_flex valign_top type_default stacking_default\"><div class=\"vc_col-sm-4 wpb_column vc_column_container\"><div class=\"vc_column-inner\"><div class=\"wpb_wrapper\"><\/div><\/div><\/div><div class=\"vc_col-sm-8 wpb_column vc_column_container us_animate_afr\"><div class=\"vc_column-inner\"><div class=\"wpb_wrapper\"><\/div><\/div><\/div><\/div><\/div><\/section><section class=\"l-section wpb_row height_medium\"><div class=\"l-section-h i-cf\"><div class=\"g-cols vc_row via_flex valign_top type_default stacking_default\"><div class=\"vc_col-sm-4 wpb_column vc_column_container\"><div class=\"vc_column-inner\"><div class=\"wpb_wrapper\"><div class=\"w-image align_none us_animate_aft\"><a ref=\"magnificPopup\" href=\"https:\/\/praxis-dr-cygan.de\/wp-content\/uploads\/2019\/11\/Mitarbeiter-Dr-Cygan-Praxis-Simmern3.png\" aria-label=\"Mitarbeiter Dr Cygan Praxis Simmern3\" class=\"w-image-h\"><img decoding=\"async\" width=\"200\" height=\"300\" src=\"https:\/\/praxis-dr-cygan.de\/wp-content\/uploads\/2019\/11\/Mitarbeiter-Dr-Cygan-Praxis-Simmern3.png\" class=\"attachment-us_768_0 size-us_768_0\" alt=\"\" loading=\"lazy\" \/><\/a><\/div><div class=\"wpb_text_column\"><div class=\"wpb_wrapper\"><p><strong>Frau Nicole Kiefer<br \/>\n<\/strong>Medizinische Fachangestellte<\/p>\n<\/div><\/div><\/div><\/div><\/div><div class=\"vc_col-sm-4 wpb_column vc_column_container us_animate_afr\"><div class=\"vc_column-inner\"><div class=\"wpb_wrapper\"><div class=\"w-image align_none us_animate_aft\"><a ref=\"magnificPopup\" href=\"https:\/\/praxis-dr-cygan.de\/wp-content\/uploads\/2019\/11\/Mitarbeiter-Dr-Cygan-Praxis-Simmern2.png\" aria-label=\"Mitarbeiter Dr Cygan Praxis Simmern2\" class=\"w-image-h\"><img decoding=\"async\" width=\"200\" height=\"300\" src=\"https:\/\/praxis-dr-cygan.de\/wp-content\/uploads\/2019\/11\/Mitarbeiter-Dr-Cygan-Praxis-Simmern2.png\" class=\"attachment-us_768_0 size-us_768_0\" alt=\"\" loading=\"lazy\" \/><\/a><\/div><div class=\"wpb_text_column\"><div class=\"wpb_wrapper\"><p><strong>Frau Bettina Linke<br \/>\n<\/strong>Medizinische Fachangestellte<\/p>\n<\/div><\/div><\/div><\/div><\/div><div class=\"vc_col-sm-4 wpb_column vc_column_container\"><div class=\"vc_column-inner\"><div class=\"wpb_wrapper\"><div class=\"w-image align_none us_animate_aft\"><a ref=\"magnificPopup\" href=\"https:\/\/praxis-dr-cygan.de\/wp-content\/uploads\/2019\/11\/Mitarbeiter-Dr-Cygan-Praxis-Simmern4.png\" aria-label=\"Mitarbeiter Dr Cygan Praxis Simmern4\" class=\"w-image-h\"><img decoding=\"async\" width=\"200\" height=\"300\" src=\"https:\/\/praxis-dr-cygan.de\/wp-content\/uploads\/2019\/11\/Mitarbeiter-Dr-Cygan-Praxis-Simmern4.png\" class=\"attachment-us_768_0 size-us_768_0\" alt=\"\" loading=\"lazy\" \/><\/a><\/div><div class=\"wpb_text_column\"><div class=\"wpb_wrapper\"><p><strong>Frau Filiz Ari<br \/>\n<\/strong>Medizinische Fachangestellte<\/p>\n<\/div><\/div><\/div><\/div><\/div><\/div><\/div><\/section><section class=\"l-section wpb_row height_medium\"><div class=\"l-section-h i-cf\"><div class=\"g-cols vc_row via_flex valign_top type_default stacking_default\"><div class=\"vc_col-sm-4 wpb_column vc_column_container\"><div class=\"vc_column-inner\"><div class=\"wpb_wrapper\"><div class=\"w-image align_none us_animate_aft\"><a ref=\"magnificPopup\" href=\"https:\/\/praxis-dr-cygan.de\/wp-content\/uploads\/2021\/03\/Mitarbeiter-Dr-Cygan-Praxis-Frau-Herrmann.png\" aria-label=\"Mitarbeiter-Dr-Cygan-Praxis-Frau-Herrmann\" class=\"w-image-h\"><img decoding=\"async\" width=\"200\" height=\"300\" src=\"https:\/\/praxis-dr-cygan.de\/wp-content\/uploads\/2021\/03\/Mitarbeiter-Dr-Cygan-Praxis-Frau-Herrmann.png\" class=\"attachment-us_768_0 size-us_768_0\" alt=\"\" loading=\"lazy\" \/><\/a><\/div><div class=\"wpb_text_column\"><div class=\"wpb_wrapper\"><p><strong>Frau Annette Herrmann<br \/>\n<\/strong>Medizinische Fachangestellte<\/p>\n<\/div><\/div><\/div><\/div><\/div><div class=\"vc_col-sm-4 wpb_column vc_column_container us_animate_afr\"><div class=\"vc_column-inner\"><div class=\"wpb_wrapper\"><div class=\"w-image us_custom_4a593b65 us_animate_this align_none\"><a ref=\"magnificPopup\" href=\"https:\/\/praxis-dr-cygan.de\/wp-content\/uploads\/2023\/03\/Frau-Andrea-Wagner-Mitarbeiter-Dr-Cygan-Praxis-Simmern.jpg\" aria-label=\"Frau-Andrea-Wagner-Mitarbeiter-Dr-Cygan-Praxis-Simmern\" class=\"w-image-h\"><img decoding=\"async\" width=\"200\" height=\"300\" src=\"https:\/\/praxis-dr-cygan.de\/wp-content\/uploads\/2023\/03\/Frau-Andrea-Wagner-Mitarbeiter-Dr-Cygan-Praxis-Simmern.jpg\" class=\"attachment-us_768_0 size-us_768_0\" alt=\"\" loading=\"lazy\" \/><\/a><\/div><div class=\"wpb_text_column\"><div class=\"wpb_wrapper\"><p><strong>Frau Andrea Wagner<br \/>\n<\/strong>Medizinische Fachangestellte<\/p>\n<\/div><\/div><\/div><\/div><\/div><div class=\"vc_col-sm-4 wpb_column vc_column_container\"><div class=\"vc_column-inner\"><div class=\"wpb_wrapper\"><\/div><\/div><\/div><\/div><\/div><\/section>\n","protected":false},"excerpt":{"rendered":"Frau Dr. med. Birgit Cygan \u00c4rztin f\u00fcr Allgemeinmedizin und An\u00e4sthesiologie \u00c4RZTLICHER WERDEGANG &#8211; FRAU DR. CYGAN1982 &#8211; 1988:\u00a0 Studium der Humanmedizin an der Medizinischen Hochschule in Hannover 1993: Zusatzbezeichnung Rettungsmedizin 1995: Facharztpr\u00fcfung An\u00e4sthesiologie 1996: Promotion zur Doktorin der Medizin an der Medizinischen Hochschule in Hannover seit 1998: Praxist\u00e4tigkeit Allgemeinmedizin 1999: Facharztpr\u00fcfung Allgemeinmedizin 2000: A-Diplom Akupunktur...","protected":false},"author":1,"featured_media":0,"parent":0,"menu_order":0,"comment_status":"closed","ping_status":"closed","template":"","meta":{"footnotes":""},"class_list":["post-17","page","type-page","status-publish","hentry"],"_links":{"self":[{"href":"https:\/\/praxis-dr-cygan.de\/index.php?rest_route=\/wp\/v2\/pages\/17","targetHints":{"allow":["GET"]}}],"collection":[{"href":"https:\/\/praxis-dr-cygan.de\/index.php?rest_route=\/wp\/v2\/pages"}],"about":[{"href":"https:\/\/praxis-dr-cygan.de\/index.php?rest_route=\/wp\/v2\/types\/page"}],"author":[{"embeddable":true,"href":"https:\/\/praxis-dr-cygan.de\/index.php?rest_route=\/wp\/v2\/users\/1"}],"replies":[{"embeddable":true,"href":"https:\/\/praxis-dr-cygan.de\/index.php?rest_route=%2Fwp%2Fv2%2Fcomments&post=17"}],"version-history":[{"count":44,"href":"https:\/\/praxis-dr-cygan.de\/index.php?rest_route=\/wp\/v2\/pages\/17\/revisions"}],"predecessor-version":[{"id":357,"href":"https:\/\/praxis-dr-cygan.de\/index.php?rest_route=\/wp\/v2\/pages\/17\/revisions\/357"}],"wp:attachment":[{"href":"https:\/\/praxis-dr-cygan.de\/index.php?rest_route=%2Fwp%2Fv2%2Fmedia&parent=17"}],"curies":[{"name":"wp","href":"https:\/\/api.w.org\/{rel}","templated":true}]}}