{"id":27,"date":"2019-10-23T11:25:47","date_gmt":"2019-10-23T11:25:47","guid":{"rendered":"http:\/\/praxis-cygan.de\/?page_id=27"},"modified":"2021-01-13T19:51:16","modified_gmt":"2021-01-13T19:51:16","slug":"impressum-datenschutz","status":"publish","type":"page","link":"https:\/\/praxis-dr-cygan.de\/?page_id=27","title":{"rendered":"IMPRESSUM \/ DATENSCHUTZ"},"content":{"rendered":"<section class=\"l-section wpb_row height_auto width_full\"><div class=\"l-section-h i-cf\"><div class=\"g-cols vc_row via_flex valign_top type_default stacking_default\"><div class=\"vc_col-sm-12 wpb_column vc_column_container\"><div class=\"vc_column-inner\"><div class=\"wpb_wrapper\"><div class=\"w-image align_none\"><div class=\"w-image-h\"><img decoding=\"async\" width=\"1240\" height=\"500\" src=\"https:\/\/praxis-dr-cygan.de\/wp-content\/uploads\/2019\/11\/Impressum-Dr-Cygan-Praxis-Simmern.png\" class=\"attachment-full size-full\" alt=\"\" loading=\"lazy\" srcset=\"https:\/\/praxis-dr-cygan.de\/wp-content\/uploads\/2019\/11\/Impressum-Dr-Cygan-Praxis-Simmern.png 1240w, https:\/\/praxis-dr-cygan.de\/wp-content\/uploads\/2019\/11\/Impressum-Dr-Cygan-Praxis-Simmern-300x121.png 300w, https:\/\/praxis-dr-cygan.de\/wp-content\/uploads\/2019\/11\/Impressum-Dr-Cygan-Praxis-Simmern-1024x413.png 1024w, https:\/\/praxis-dr-cygan.de\/wp-content\/uploads\/2019\/11\/Impressum-Dr-Cygan-Praxis-Simmern-768x310.png 768w\" sizes=\"auto, (max-width: 1240px) 100vw, 1240px\" \/><\/div><\/div><\/div><\/div><\/div><\/div><\/div><\/section><section class=\"l-section wpb_row height_medium\"><div class=\"l-section-h i-cf\"><div class=\"g-cols vc_row via_flex valign_top type_default stacking_default\"><div class=\"vc_col-sm-3 wpb_column vc_column_container\"><div class=\"vc_column-inner\"><div class=\"wpb_wrapper\"><\/div><\/div><\/div><div class=\"vc_col-sm-9 wpb_column vc_column_container us_animate_afr\"><div class=\"vc_column-inner\"><div class=\"wpb_wrapper\"><div class=\"wpb_text_column\"><div class=\"wpb_wrapper\"><div id=\"Text2LYR\" class=\"TextObject\">\n<h5><b>Impressum<\/b><\/h5>\n<\/div>\n<div id=\"Text1LYR\" class=\"TextObject\">\n<p><strong>Praxis Dr. Cygan, Dr. med. Birgit Cygan<\/strong><\/p>\n<p>Gartenstra\u00dfe 20<br \/>\n55469 Simmern<\/p>\n<p>Tel.: 06761\/4554<br \/>\nFax: 06761\/6048<\/p>\n<p>E-Mail: <a href=\"mailto:b.cygan@t-online.de\" target=\"_blank\" rel=\"noopener noreferrer\">b.cygan@t-online.de<\/a><\/p>\n<p><strong>Zust\u00e4ndige Kassen\u00e4rztliche Vereinigung: <\/strong><br \/>\nRheinland-Pfalz, Regionalzentrum Koblenz<\/p>\n<p><strong>Zust\u00e4ndige \u00c4rztekammern:<\/strong><br \/>\nLandes\u00e4rztekammer Rheinland-Pfalz Mainz und Bezirks\u00e4rztekammer Koblenz.<br \/>\n<strong><br \/>\nHaftpflichtversicherung:<\/strong><br \/>\nW\u00fcrttembergische\u00a0 Versicherungs AG Stuttgart<br \/>\nSt.Nr.:\u00a0 40\/228\/17986<\/p>\n<p>&nbsp;<\/p>\n<p><strong>Erstellung der Website<br \/>\n<\/strong><\/p>\n<div class=\"wpb_text_column \">\n<div class=\"wpb_wrapper\">\n<p><strong>BAYER design<br \/>\n<\/strong>Christine Bayer \u00b7 Dipl. Grafik Designerin<\/p>\n<\/div>\n<\/div>\n<div class=\"wpb_text_column \">\n<div class=\"wpb_wrapper\">\n<p>St. Georgen \u2013 Stra\u00dfe 9<br \/>\n55232 Alzey<\/p>\n<p>(06731) 900 99 68<\/p>\n<p>www.bayer-design.de<br \/>\ninfo@bayer-design.de<\/p>\n<\/div>\n<\/div>\n<p><strong>\u00a0<\/strong><\/p>\n<\/div>\n<\/div><\/div><div class=\"wpb_text_column\"><div class=\"wpb_wrapper\"><div id=\"Text2LYR\" class=\"TextObject\">\n<h5><a href=\"http:\/\/praxis-cygan.de\/wp-content\/uploads\/2019\/10\/Datenschutzerklarung-Neu.pdf\" target=\"_blank\" rel=\"noopener noreferrer\"><b>DATENSCHUTZERKL\u00c4RUNG<\/b><\/a><\/h5>\n<\/div>\n<\/div><\/div><\/div><\/div><\/div><\/div><\/div><\/section>\n","protected":false},"excerpt":{"rendered":"Impressum Praxis Dr. Cygan, Dr. med. Birgit Cygan Gartenstra\u00dfe 20 55469 Simmern Tel.: 06761\/4554 Fax: 06761\/6048 E-Mail: b.cygan@t-online.de Zust\u00e4ndige Kassen\u00e4rztliche Vereinigung: Rheinland-Pfalz, Regionalzentrum Koblenz Zust\u00e4ndige \u00c4rztekammern: Landes\u00e4rztekammer Rheinland-Pfalz Mainz und Bezirks\u00e4rztekammer Koblenz. Haftpflichtversicherung: W\u00fcrttembergische\u00a0 Versicherungs AG Stuttgart St.Nr.:\u00a0 40\/228\/17986 &nbsp; Erstellung der Website BAYER design Christine Bayer \u00b7 Dipl. Grafik Designerin St. Georgen \u2013 Stra\u00dfe...","protected":false},"author":1,"featured_media":0,"parent":0,"menu_order":0,"comment_status":"closed","ping_status":"closed","template":"","meta":{"footnotes":""},"class_list":["post-27","page","type-page","status-publish","hentry"],"_links":{"self":[{"href":"https:\/\/praxis-dr-cygan.de\/index.php?rest_route=\/wp\/v2\/pages\/27","targetHints":{"allow":["GET"]}}],"collection":[{"href":"https:\/\/praxis-dr-cygan.de\/index.php?rest_route=\/wp\/v2\/pages"}],"about":[{"href":"https:\/\/praxis-dr-cygan.de\/index.php?rest_route=\/wp\/v2\/types\/page"}],"author":[{"embeddable":true,"href":"https:\/\/praxis-dr-cygan.de\/index.php?rest_route=\/wp\/v2\/users\/1"}],"replies":[{"embeddable":true,"href":"https:\/\/praxis-dr-cygan.de\/index.php?rest_route=%2Fwp%2Fv2%2Fcomments&post=27"}],"version-history":[{"count":11,"href":"https:\/\/praxis-dr-cygan.de\/index.php?rest_route=\/wp\/v2\/pages\/27\/revisions"}],"predecessor-version":[{"id":191,"href":"https:\/\/praxis-dr-cygan.de\/index.php?rest_route=\/wp\/v2\/pages\/27\/revisions\/191"}],"wp:attachment":[{"href":"https:\/\/praxis-dr-cygan.de\/index.php?rest_route=%2Fwp%2Fv2%2Fmedia&parent=27"}],"curies":[{"name":"wp","href":"https:\/\/api.w.org\/{rel}","templated":true}]}}